{"id":1130,"date":"2022-01-14T17:22:25","date_gmt":"2022-01-14T17:22:25","guid":{"rendered":"http:\/\/catedradanzamoderna.com\/?page_id=1130"},"modified":"2022-01-14T17:47:30","modified_gmt":"2022-01-14T17:47:30","slug":"tem-cursos","status":"publish","type":"page","link":"http:\/\/catedradanzamoderna.com\/?page_id=1130","title":{"rendered":"Tematicas cursos"},"content":{"rendered":"\t\t<div data-elementor-type=\"wp-page\" data-elementor-id=\"1130\" class=\"elementor elementor-1130\" data-elementor-settings=\"[]\">\n\t\t\t\t\t\t\t<div class=\"elementor-section-wrap\">\n\t\t\t\t\t\t\t<section class=\"elementor-section elementor-top-section elementor-element elementor-element-53787ae elementor-section-boxed elementor-section-height-default elementor-section-height-default\" data-id=\"53787ae\" data-element_type=\"section\">\n\t\t\t\t\t\t<div class=\"elementor-container elementor-column-gap-default\">\n\t\t\t\t\t<div class=\"elementor-column elementor-col-100 elementor-top-column elementor-element elementor-element-611b06c\" data-id=\"611b06c\" data-element_type=\"column\">\n\t\t\t<div class=\"elementor-widget-wrap elementor-element-populated\">\n\t\t\t\t\t\t\t\t<div class=\"elementor-element elementor-element-3cef742 elementor-widget elementor-widget-heading\" data-id=\"3cef742\" data-element_type=\"widget\" data-widget_type=\"heading.default\">\n\t\t\t\t<div class=\"elementor-widget-container\">\n\t\t\t<style>\/*! elementor - v3.5.3 - 28-12-2021 *\/\n.elementor-heading-title{padding:0;margin:0;line-height:1}.elementor-widget-heading .elementor-heading-title[class*=elementor-size-]>a{color:inherit;font-size:inherit;line-height:inherit}.elementor-widget-heading .elementor-heading-title.elementor-size-small{font-size:15px}.elementor-widget-heading .elementor-heading-title.elementor-size-medium{font-size:19px}.elementor-widget-heading .elementor-heading-title.elementor-size-large{font-size:29px}.elementor-widget-heading .elementor-heading-title.elementor-size-xl{font-size:39px}.elementor-widget-heading .elementor-heading-title.elementor-size-xxl{font-size:59px}<\/style><h1 class=\"elementor-heading-title elementor-size-default\">Tem\u00e1ticas:&nbsp;<\/h1>\t\t<\/div>\n\t\t\t\t<\/div>\n\t\t\t\t<section class=\"elementor-section elementor-inner-section elementor-element elementor-element-7cef38c elementor-section-boxed elementor-section-height-default elementor-section-height-default\" data-id=\"7cef38c\" data-element_type=\"section\">\n\t\t\t\t\t\t<div class=\"elementor-container elementor-column-gap-no\">\n\t\t\t\t\t<div class=\"elementor-column elementor-col-100 elementor-inner-column elementor-element elementor-element-2fa46f7\" data-id=\"2fa46f7\" data-element_type=\"column\">\n\t\t\t<div class=\"elementor-widget-wrap elementor-element-populated\">\n\t\t\t\t\t\t\t\t<div class=\"elementor-element elementor-element-d34dc14 elementor-widget elementor-widget-text-editor\" data-id=\"d34dc14\" data-element_type=\"widget\" data-widget_type=\"text-editor.default\">\n\t\t\t\t<div class=\"elementor-widget-container\">\n\t\t\t<style>\/*! elementor - v3.5.3 - 28-12-2021 *\/\n.elementor-widget-text-editor.elementor-drop-cap-view-stacked .elementor-drop-cap{background-color:#818a91;color:#fff}.elementor-widget-text-editor.elementor-drop-cap-view-framed .elementor-drop-cap{color:#818a91;border:3px solid;background-color:transparent}.elementor-widget-text-editor:not(.elementor-drop-cap-view-default) .elementor-drop-cap{margin-top:8px}.elementor-widget-text-editor:not(.elementor-drop-cap-view-default) .elementor-drop-cap-letter{width:1em;height:1em}.elementor-widget-text-editor .elementor-drop-cap{float:left;text-align:center;line-height:1;font-size:50px}.elementor-widget-text-editor .elementor-drop-cap-letter{display:inline-block}<\/style>\t\t\t\t<div>1-La Antropolog\u00eda y su inter relaci\u00f3n con sus propias y las disciplinas y ciencias afines a la danza.<\/div><div><div dir=\"auto\">2-Antropolog\u00eda. T\u00e9cnicas danzarias internacionales: Danza Moderna. Ballet. Folklore cubano.<\/div><div dir=\"auto\">3-Antropolog\u00eda. Gesto y gestualidad. Ramiro Guerra.<\/div><div dir=\"auto\"><div class=\"adn ads\" data-message-id=\"#msg-a:r-8213074444689720430\" data-legacy-message-id=\"17e59a4ffbded505\"><div class=\"gs\"><div class=\"\"><div id=\":nh\" class=\"ii gt\"><div id=\":ng\" class=\"a3s aiL \"><div dir=\"auto\"><div dir=\"auto\">4- Antropolog\u00eda. La energ\u00eda como expresi\u00f3n danzaria.<\/div><div dir=\"auto\">5- Antropolog\u00eda. La cargada en la danza moderna.<\/div><div dir=\"auto\">6-Antropolog\u00eda. Historia de la danza moderna cubana.<\/div><div dir=\"auto\">7- Antropolog\u00eda. Procedimientos t\u00e9cnicos de la experiencia cubana de danza moderna.<\/div><div dir=\"auto\">8- Antropolog\u00eda. Estudios especializados de Coreograf\u00eda y Dramaturgia.<\/div><div dir=\"auto\">9-Antropolog\u00eda. M\u00fasica y danza moderna en Cuba. Proceso de retroalimentaci\u00f3n.<\/div><div dir=\"auto\">\u00a010-Antropolog\u00eda. Est\u00e9tica de la danza moderna cubana.<\/div><div dir=\"auto\">11-Antropolog\u00eda. La cr\u00edtica danzaria y la danza moderna en Cuba.<\/div><div dir=\"auto\">\u00a012-Antropolog\u00eda. Ensay\u00edstica danzaria en Cuba. Estudio y apreciaci\u00f3n de la historia de la teor\u00eda de la danza en Cuba. Entrevistas o conversatorio con personalidades de la danza y te\u00f3ricos si es posible.<\/div><\/div><\/div><\/div><\/div><\/div><\/div><div class=\"gA gt acV\"><div class=\"gB xu\"><div class=\"ip iq\"><div id=\":ni\"><table class=\"cf wS\" role=\"presentation\"><tbody><tr><td class=\"amq\">\u00a0<\/td><td class=\"amr\">\u00a0<\/td><\/tr><\/tbody><\/table><\/div><\/div><\/div><\/div><\/div><\/div>\t\t\t\t\t\t<\/div>\n\t\t\t\t<\/div>\n\t\t\t\t<div class=\"elementor-element elementor-element-63bd6b5 elementor-widget elementor-widget-button\" data-id=\"63bd6b5\" data-element_type=\"widget\" data-widget_type=\"button.default\">\n\t\t\t\t<div class=\"elementor-widget-container\">\n\t\t\t\t\t<div class=\"elementor-button-wrapper\">\n\t\t\t<a href=\"http:\/\/catedradanzamoderna.com\/?page_id=1043\" class=\"elementor-button-link elementor-button elementor-size-sm\" role=\"button\">\n\t\t\t\t\t\t<span class=\"elementor-button-content-wrapper\">\n\t\t\t\t\t\t<span class=\"elementor-button-icon elementor-align-icon-right\">\n\t\t\t\t<svg xmlns=\"http:\/\/www.w3.org\/2000\/svg\" viewBox=\"0 0 2048 2048\"><path d=\"M6.125 1088h1797.89l-402.976 403 89.994 90L2048 1024l-556.966-557-89.994 90 402.976 403H6.125v128z\"><\/path><\/svg>\t\t\t<\/span>\n\t\t\t\t\t\t<span class=\"elementor-button-text\">Solicitar Matr\u00edcula<\/span>\n\t\t<\/span>\n\t\t\t\t\t<\/a>\n\t\t<\/div>\n\t\t\t\t<\/div>\n\t\t\t\t<\/div>\n\t\t\t\t\t<\/div>\n\t\t<\/div>\n\t\t\t\t\t\t\t<\/div>\n\t\t<\/section>\n\t\t\t\t\t<\/div>\n\t\t<\/div>\n\t\t\t\t\t\t\t<\/div>\n\t\t<\/section>\n\t\t\t\t\t\t<\/div>\n\t\t\t\t\t<\/div>\n\t\t","protected":false},"excerpt":{"rendered":"<p>Tem\u00e1ticas:&nbsp; 1-La Antropolog\u00eda y su inter relaci\u00f3n con sus propias y las disciplinas y ciencias afines a la danza.2-Antropolog\u00eda. T\u00e9cnicas danzarias internacionales: Danza Moderna. Ballet. Folklore cubano.3-Antropolog\u00eda. Gesto y gestualidad. Ramiro Guerra.4- Antropolog\u00eda. La energ\u00eda como expresi\u00f3n danzaria.5- Antropolog\u00eda. La cargada en la danza moderna.6-Antropolog\u00eda. Historia de la danza moderna cubana.7- Antropolog\u00eda. Procedimientos t\u00e9cnicos de &hellip;<\/p>\n<p class=\"read-more\"> <a class=\"\" href=\"http:\/\/catedradanzamoderna.com\/?page_id=1130\"> <span class=\"screen-reader-text\">Tematicas cursos<\/span> Leer m\u00e1s &raquo;<\/a><\/p>\n","protected":false},"author":1,"featured_media":0,"parent":0,"menu_order":0,"comment_status":"closed","ping_status":"closed","template":"","meta":{"footnotes":""},"class_list":["post-1130","page","type-page","status-publish","hentry"],"_links":{"self":[{"href":"http:\/\/catedradanzamoderna.com\/index.php?rest_route=\/wp\/v2\/pages\/1130","targetHints":{"allow":["GET"]}}],"collection":[{"href":"http:\/\/catedradanzamoderna.com\/index.php?rest_route=\/wp\/v2\/pages"}],"about":[{"href":"http:\/\/catedradanzamoderna.com\/index.php?rest_route=\/wp\/v2\/types\/page"}],"author":[{"embeddable":true,"href":"http:\/\/catedradanzamoderna.com\/index.php?rest_route=\/wp\/v2\/users\/1"}],"replies":[{"embeddable":true,"href":"http:\/\/catedradanzamoderna.com\/index.php?rest_route=%2Fwp%2Fv2%2Fcomments&post=1130"}],"version-history":[{"count":11,"href":"http:\/\/catedradanzamoderna.com\/index.php?rest_route=\/wp\/v2\/pages\/1130\/revisions"}],"predecessor-version":[{"id":1143,"href":"http:\/\/catedradanzamoderna.com\/index.php?rest_route=\/wp\/v2\/pages\/1130\/revisions\/1143"}],"wp:attachment":[{"href":"http:\/\/catedradanzamoderna.com\/index.php?rest_route=%2Fwp%2Fv2%2Fmedia&parent=1130"}],"curies":[{"name":"wp","href":"https:\/\/api.w.org\/{rel}","templated":true}]}}